{"id":2183,"date":"2019-01-16T21:28:13","date_gmt":"2019-01-16T21:28:13","guid":{"rendered":"http:\/\/www.jllibera.nazwa.pl\/wp\/?page_id=2183"},"modified":"2024-06-06T11:26:36","modified_gmt":"2024-06-06T11:26:36","slug":"about","status":"publish","type":"page","link":"https:\/\/www.janlibera.pl\/pl\/about\/","title":{"rendered":"O mnie"},"content":{"rendered":"<div class=\"wpb-content-wrapper\"><div class=\"vc_row wpb_row vc_row-fluid\"><div class=\"container\"><div class=\"wpb_column vc_column_container vc_col-sm-3\"><div class=\"vc_column-inner\"><div class=\"wpb_wrapper\"><\/div><\/div><\/div><div class=\"wpb_column vc_column_container vc_col-sm-3\"><div class=\"vc_column-inner\"><div class=\"wpb_wrapper\">\n\t<div  class=\"wpb_single_image wpb_content_element vc_align_left wpb_content_element\">\n\t\t\n\t\t<figure class=\"wpb_wrapper vc_figure\">\n\t\t\t<div class=\"vc_single_image-wrapper   vc_box_border_grey\"><img loading=\"lazy\" decoding=\"async\" width=\"1920\" height=\"2560\" src=\"https:\/\/www.janlibera.pl\/wp-content\/uploads\/2024\/01\/2023-11-09-21.22.jpeg\" class=\"vc_single_image-img attachment-full\" alt=\"\" title=\"Jan Libera\" srcset=\"https:\/\/www.janlibera.pl\/wp-content\/uploads\/2024\/01\/2023-11-09-21.22.jpeg 1920w, https:\/\/www.janlibera.pl\/wp-content\/uploads\/2024\/01\/2023-11-09-21.22-225x300.jpeg 225w, https:\/\/www.janlibera.pl\/wp-content\/uploads\/2024\/01\/2023-11-09-21.22-768x1024.jpeg 768w, https:\/\/www.janlibera.pl\/wp-content\/uploads\/2024\/01\/2023-11-09-21.22-1152x1536.jpeg 1152w, https:\/\/www.janlibera.pl\/wp-content\/uploads\/2024\/01\/2023-11-09-21.22-1536x2048.jpeg 1536w\" sizes=\"(max-width: 1920px) 100vw, 1920px\" \/><\/div>\n\t\t<\/figure>\n\t<\/div>\n<\/div><\/div><\/div><div class=\"wpb_column vc_column_container vc_col-sm-3\"><div class=\"vc_column-inner\"><div class=\"wpb_wrapper\">\n\t<div class=\"wpb_text_column wpb_content_element\" >\n\t\t<div class=\"wpb_wrapper\">\n\t\t\t<p class=\"p1\"><span class=\"s1\">Jan Libera is Warsaw based product designer. He graduated from the Design Products department at the Royal College of Art in London (MA 2016) and Industrial Design at the Academy of Fine Arts in Warsaw (BA 2014).<\/span><\/p>\n<p>Jan believes that the main purpose of design is discovering smart, human-centered solutions for real problems people face everyday life. His design process begins with deep understanding the context of any given case. Jan combines manual prototyping skills, advanced new technologies together with constant testing and improving process. Such approach leads him to innovative and interesting outcomes.<\/p>\n<p class=\"p1\"><span class=\"s1\">His London City Trailer won the <a href=\"https:\/\/lodzdesign.com\/makeme\/katalog\/miejska-przyczepka-rowerowa\/\" target=\"_blank\" rel=\"noopener\">special prize at \u0141\u00f3d\u017a Design Festiwal 2017<\/a> also was honoured <a href=\"https:\/\/designawards.core77.com\/Transportation\/64028\/London-City-Trailer\" target=\"_blank\" rel=\"noopener\">by Core77 design award<\/a> and was presented in London, Dubai and Cieszyn.<\/span><\/p>\n<p>From 2022, Jan has been an academic teacher at the <a href=\"https:\/\/sof.edu.pl\/pl\/ludzie\/jan-libera\">School of Form<\/a> at <a href=\"https:\/\/swps.pl\/struktura\/wydzial-projektowania-warszawa\">SWPS University<\/a>.<\/p>\n\n\t\t<\/div>\n\t<\/div>\n<\/div><\/div><\/div><div class=\"wpb_column vc_column_container vc_col-sm-3\"><div class=\"vc_column-inner\"><div class=\"wpb_wrapper\"><\/div><\/div><\/div><\/div><\/div>\n<\/div>","protected":false},"excerpt":{"rendered":"Jan Libera is Warsaw based product designer. He graduated from the Design Products department at the Royal College of Art in London (MA 2016) and Industrial Design at the Academy of Fine Arts in Warsaw (BA 2014). Jan believes that the main purpose of design is discovering smart, human-centered solutions for real problems people face [...]","protected":false},"author":1,"featured_media":0,"parent":0,"menu_order":0,"comment_status":"closed","ping_status":"closed","template":"","meta":{"footnotes":""},"yoast_head":"<!-- This site is optimized with the Yoast SEO plugin v22.8 - https:\/\/yoast.com\/wordpress\/plugins\/seo\/ -->\n<title>About - Jan Libera Product Design<\/title>\n<meta name=\"robots\" content=\"index, follow, max-snippet:-1, max-image-preview:large, max-video-preview:-1\" \/>\n<link rel=\"canonical\" href=\"https:\/\/www.janlibera.pl\/pl\/about\/\" \/>\n<meta property=\"og:locale\" content=\"pl_PL\" \/>\n<meta property=\"og:type\" content=\"article\" \/>\n<meta property=\"og:title\" content=\"About - Jan Libera Product Design\" \/>\n<meta property=\"og:url\" content=\"https:\/\/www.janlibera.pl\/pl\/about\/\" \/>\n<meta property=\"og:site_name\" content=\"Jan Libera Product Design\" \/>\n<meta property=\"article:modified_time\" content=\"2024-06-06T11:26:36+00:00\" \/>\n<meta name=\"twitter:card\" content=\"summary_large_image\" \/>\n<meta name=\"twitter:label1\" content=\"Szacowany czas czytania\" \/>\n\t<meta name=\"twitter:data1\" content=\"1 minuta\" \/>\n<script type=\"application\/ld+json\" class=\"yoast-schema-graph\">{\"@context\":\"https:\/\/schema.org\",\"@graph\":[{\"@type\":\"WebPage\",\"@id\":\"https:\/\/www.janlibera.pl\/about\/\",\"url\":\"https:\/\/www.janlibera.pl\/about\/\",\"name\":\"About - Jan Libera Product Design\",\"isPartOf\":{\"@id\":\"https:\/\/www.janlibera.pl\/pl\/#website\"},\"datePublished\":\"2019-01-16T21:28:13+00:00\",\"dateModified\":\"2024-06-06T11:26:36+00:00\",\"breadcrumb\":{\"@id\":\"https:\/\/www.janlibera.pl\/about\/#breadcrumb\"},\"inLanguage\":\"pl-PL\",\"potentialAction\":[{\"@type\":\"ReadAction\",\"target\":[\"https:\/\/www.janlibera.pl\/about\/\"]}]},{\"@type\":\"BreadcrumbList\",\"@id\":\"https:\/\/www.janlibera.pl\/about\/#breadcrumb\",\"itemListElement\":[{\"@type\":\"ListItem\",\"position\":1,\"name\":\"Home\",\"item\":\"https:\/\/www.janlibera.pl\/pl\/\"},{\"@type\":\"ListItem\",\"position\":2,\"name\":\"About\"}]},{\"@type\":\"WebSite\",\"@id\":\"https:\/\/www.janlibera.pl\/pl\/#website\",\"url\":\"https:\/\/www.janlibera.pl\/pl\/\",\"name\":\"Jan Libera Product Design\",\"description\":\"janlibera | Portfolio\",\"potentialAction\":[{\"@type\":\"SearchAction\",\"target\":{\"@type\":\"EntryPoint\",\"urlTemplate\":\"https:\/\/www.janlibera.pl\/pl\/?s={search_term_string}\"},\"query-input\":\"required name=search_term_string\"}],\"inLanguage\":\"pl-PL\"}]}<\/script>\n<!-- \/ Yoast SEO plugin. -->","yoast_head_json":{"title":"About - Jan Libera Product Design","robots":{"index":"index","follow":"follow","max-snippet":"max-snippet:-1","max-image-preview":"max-image-preview:large","max-video-preview":"max-video-preview:-1"},"canonical":"https:\/\/www.janlibera.pl\/pl\/about\/","og_locale":"pl_PL","og_type":"article","og_title":"About - Jan Libera Product Design","og_url":"https:\/\/www.janlibera.pl\/pl\/about\/","og_site_name":"Jan Libera Product Design","article_modified_time":"2024-06-06T11:26:36+00:00","twitter_card":"summary_large_image","twitter_misc":{"Szacowany czas czytania":"1 minuta"},"schema":{"@context":"https:\/\/schema.org","@graph":[{"@type":"WebPage","@id":"https:\/\/www.janlibera.pl\/about\/","url":"https:\/\/www.janlibera.pl\/about\/","name":"About - Jan Libera Product Design","isPartOf":{"@id":"https:\/\/www.janlibera.pl\/pl\/#website"},"datePublished":"2019-01-16T21:28:13+00:00","dateModified":"2024-06-06T11:26:36+00:00","breadcrumb":{"@id":"https:\/\/www.janlibera.pl\/about\/#breadcrumb"},"inLanguage":"pl-PL","potentialAction":[{"@type":"ReadAction","target":["https:\/\/www.janlibera.pl\/about\/"]}]},{"@type":"BreadcrumbList","@id":"https:\/\/www.janlibera.pl\/about\/#breadcrumb","itemListElement":[{"@type":"ListItem","position":1,"name":"Home","item":"https:\/\/www.janlibera.pl\/pl\/"},{"@type":"ListItem","position":2,"name":"About"}]},{"@type":"WebSite","@id":"https:\/\/www.janlibera.pl\/pl\/#website","url":"https:\/\/www.janlibera.pl\/pl\/","name":"Jan Libera Product Design","description":"janlibera | Portfolio","potentialAction":[{"@type":"SearchAction","target":{"@type":"EntryPoint","urlTemplate":"https:\/\/www.janlibera.pl\/pl\/?s={search_term_string}"},"query-input":"required name=search_term_string"}],"inLanguage":"pl-PL"}]}},"_links":{"self":[{"href":"https:\/\/www.janlibera.pl\/pl\/wp-json\/wp\/v2\/pages\/2183"}],"collection":[{"href":"https:\/\/www.janlibera.pl\/pl\/wp-json\/wp\/v2\/pages"}],"about":[{"href":"https:\/\/www.janlibera.pl\/pl\/wp-json\/wp\/v2\/types\/page"}],"author":[{"embeddable":true,"href":"https:\/\/www.janlibera.pl\/pl\/wp-json\/wp\/v2\/users\/1"}],"replies":[{"embeddable":true,"href":"https:\/\/www.janlibera.pl\/pl\/wp-json\/wp\/v2\/comments?post=2183"}],"version-history":[{"count":19,"href":"https:\/\/www.janlibera.pl\/pl\/wp-json\/wp\/v2\/pages\/2183\/revisions"}],"predecessor-version":[{"id":4313,"href":"https:\/\/www.janlibera.pl\/pl\/wp-json\/wp\/v2\/pages\/2183\/revisions\/4313"}],"wp:attachment":[{"href":"https:\/\/www.janlibera.pl\/pl\/wp-json\/wp\/v2\/media?parent=2183"}],"curies":[{"name":"wp","href":"https:\/\/api.w.org\/{rel}","templated":true}]}}